{"id":199,"date":"2016-07-18T18:04:56","date_gmt":"2016-07-18T18:04:56","guid":{"rendered":"http:\/\/www.grausfilosoficosmg.org.br\/blog\/?page_id=199"},"modified":"2017-04-07T21:38:34","modified_gmt":"2017-04-07T21:38:34","slug":"instrucoes-dos-graus-filosoficos","status":"publish","type":"page","link":"http:\/\/www.grausfilosoficosmg.org.br\/blog\/?page_id=199","title":{"rendered":"Instru\u00e7\u00f5es dos Graus"},"content":{"rendered":"<dl>\n<dd>\n<dl>\n<dd>\n<ul>\n<li>\n<h5><a title=\"Grau 04 - Mestre Secreto - Instru\u00e7\u00e3o\" href=\"http:\/\/www.grausfilosoficosmg.org.br\/segredo\/instrucoeszipadas33\/Grau 04.rar\"><strong>Grau 04<\/strong> &#8211; Mestre Secreto<\/a><\/h5>\n<\/li>\n<\/ul>\n<\/dd>\n<\/dl>\n<\/dd>\n<\/dl>\n<dl>\n<dd>\n<dl>\n<dd>\n<ul>\n<li>\n<h5><a title=\"Grau 05 - Mestre Perfeito - Instru\u00e7\u00e3o\" href=\"http:\/\/www.grausfilosoficosmg.org.br\/segredo\/instrucoeszipadas33\/Grau 05.rar\"><strong>Grau 05<\/strong> &#8211; Mestre Perfeito<\/a><\/h5>\n<\/li>\n<\/ul>\n<\/dd>\n<\/dl>\n<\/dd>\n<\/dl>\n<dl>\n<dd>\n<dl>\n<dd>\n<ul>\n<li>\n<h5><a title=\"Grau 06 - Secret\u00e1rio \u00cdntimo - Instru\u00e7\u00e3o\" href=\"http:\/\/www.grausfilosoficosmg.org.br\/segredo\/instrucoeszipadas33\/Grau 06.rar\"><strong>Grau 06<\/strong> &#8211; Secret\u00e1rio \u00cdntimo<\/a><\/h5>\n<\/li>\n<\/ul>\n<\/dd>\n<\/dl>\n<\/dd>\n<\/dl>\n<dl>\n<dd>\n<dl>\n<dd>\n<ul>\n<li>\n<h5><a title=\"Grau 07 - Preboste e Juiz - Instru\u00e7\u00e3o\" href=\"http:\/\/www.grausfilosoficosmg.org.br\/segredo\/instrucoeszipadas33\/Grau 07.rar\"><strong>Grau 07<\/strong> &#8211; Preboste e Juiz<\/a><\/h5>\n<\/li>\n<\/ul>\n<\/dd>\n<\/dl>\n<\/dd>\n<\/dl>\n<dl>\n<dd>\n<dl>\n<dd>\n<ul>\n<li>\n<h5><a title=\"Grau 08 - Intendente dos Edif\u00edcios - Instru\u00e7\u00e3o\" href=\"http:\/\/www.grausfilosoficosmg.org.br\/segredo\/instrucoeszipadas33\/Grau 08.rar\"><strong>Grau 08<\/strong> &#8211; Intendente dos Edif\u00edcios<\/a><\/h5>\n<\/li>\n<\/ul>\n<\/dd>\n<\/dl>\n<\/dd>\n<\/dl>\n<dl>\n<dd>\n<dl>\n<dd>\n<ul>\n<li>\n<h5><a title=\"Grau 09 - Cavaleiro Eleito dos Nove - Instru\u00e7\u00e3o\" href=\"http:\/\/www.grausfilosoficosmg.org.br\/segredo\/instrucoeszipadas33\/Grau 09.rar\"><strong>Grau 09<\/strong> &#8211; Cavaleiro Eleito dos Nove<\/a><\/h5>\n<\/li>\n<\/ul>\n<\/dd>\n<\/dl>\n<\/dd>\n<\/dl>\n<dl>\n<dd>\n<dl>\n<dd>\n<ul>\n<li>\n<h5><a title=\"Grau 10 - Ilustre Eleito dos Quinze - Instru\u00e7\u00e3o\" href=\"http:\/\/www.grausfilosoficosmg.org.br\/segredo\/instrucoeszipadas33\/Grau 10.rar\"><strong>Grau 10<\/strong> &#8211; Ilustre Eleito dos Quinze<\/a><\/h5>\n<\/li>\n<\/ul>\n<\/dd>\n<\/dl>\n<\/dd>\n<\/dl>\n<dl>\n<dd>\n<dl>\n<dd>\n<ul>\n<li>\n<h5><a title=\"Grau 11 - Sublime Cavaleiro Eleito - Instru\u00e7\u00e3o\" href=\"http:\/\/www.grausfilosoficosmg.org.br\/segredo\/instrucoeszipadas33\/Grau 11.rar\"><strong>Grau 11<\/strong> &#8211; Sublime Cavaleiro Eleito<\/a><\/h5>\n<\/li>\n<\/ul>\n<\/dd>\n<\/dl>\n<\/dd>\n<\/dl>\n<dl>\n<dd>\n<dl>\n<dd>\n<ul>\n<li>\n<h5><a title=\"Grau 12 - Gr\u00e3o Mestre Arquiteto - Instru\u00e7\u00e3o\" href=\"http:\/\/www.grausfilosoficosmg.org.br\/segredo\/instrucoeszipadas33\/Grau 12.rar\"><strong>Grau 12<\/strong> &#8211; Gr\u00e3o Mestre Arquiteto<\/a><\/h5>\n<\/li>\n<\/ul>\n<\/dd>\n<\/dl>\n<\/dd>\n<\/dl>\n<dl>\n<dd>\n<dl>\n<dd>\n<ul>\n<li>\n<h5><a title=\"Grau 13 - Real Arco - Instru\u00e7\u00e3o\" href=\"http:\/\/www.grausfilosoficosmg.org.br\/segredo\/instrucoeszipadas33\/Grau 13.rar\"><strong>Grau 13<\/strong> &#8211; Real Arco\u00a0<\/a><\/h5>\n<\/li>\n<\/ul>\n<\/dd>\n<\/dl>\n<\/dd>\n<\/dl>\n<dl>\n<dd>\n<dl>\n<dd>\n<ul>\n<li>\n<h5><a title=\"Grau 14 - Grande Eleito ou Perfeito e Sublime Ma\u00e7om - Instru\u00e7\u00e3o\" href=\"http:\/\/www.grausfilosoficosmg.org.br\/segredo\/instrucoeszipadas33\/Grau 14.rar\"><strong>Grau 14<\/strong> &#8211; Grande Eleito ou Perfeito e Sublime Ma\u00e7om<\/a><\/h5>\n<\/li>\n<\/ul>\n<\/dd>\n<\/dl>\n<\/dd>\n<\/dl>\n<dl>\n<dd>\n<dl>\n<dd>\n<ul>\n<li>\n<h5><a title=\"Grau 15 - Cavaleiro do Oriente - Instru\u00e7\u00e3o\" href=\"http:\/\/www.grausfilosoficosmg.org.br\/segredo\/instrucoeszipadas33\/Grau 15.rar\"><strong>Grau 15<\/strong> &#8211; Cavaleiro do Oriente<\/a><\/h5>\n<\/li>\n<\/ul>\n<\/dd>\n<\/dl>\n<\/dd>\n<\/dl>\n<dl>\n<dd>\n<dl>\n<dd>\n<ul>\n<li>\n<h5><a title=\"Grau 16 - Pr\u00edncipe de Jerusal\u00e9m - Instru\u00e7\u00e3o\" href=\"http:\/\/www.grausfilosoficosmg.org.br\/segredo\/instrucoeszipadas33\/Grau 16.rar\"><strong>Grau 16<\/strong> &#8211; Pr\u00edncipe de Jerusal\u00e9m<\/a><\/h5>\n<\/li>\n<\/ul>\n<\/dd>\n<\/dl>\n<\/dd>\n<\/dl>\n<dl>\n<dd>\n<dl>\n<dd>\n<ul>\n<li>\n<h5><a title=\"Grau 17 - Cavaleiro do Oriente e do Ocidente - Instru\u00e7\u00e3o\" href=\"http:\/\/www.grausfilosoficosmg.org.br\/segredo\/instrucoeszipadas33\/Grau 17.rar\"><strong>Grau 17<\/strong> &#8211; Cavaleiro do Oriente e do Ocidente<\/a><\/h5>\n<\/li>\n<\/ul>\n<\/dd>\n<\/dl>\n<\/dd>\n<\/dl>\n<dl>\n<dd>\n<dl>\n<dd>\n<ul>\n<li>\n<h5><a title=\"Grau 18 - Cavaleiro Rosa-Cruz - Instru\u00e7\u00e3o\" href=\"http:\/\/www.grausfilosoficosmg.org.br\/segredo\/instrucoeszipadas33\/Grau 18.rar\"><strong>Grau 18<\/strong> &#8211; Cavaleiro Rosa-Cruz<\/a><\/h5>\n<\/li>\n<\/ul>\n<\/dd>\n<\/dl>\n<\/dd>\n<\/dl>\n<dl>\n<dd>\n<dl>\n<dd>\n<ul>\n<li>\n<h5><a title=\"Grau 19 - Grande Pont\u00edfice ou Sublime Escoc\u00eas - Instru\u00e7\u00e3o\" href=\"http:\/\/www.grausfilosoficosmg.org.br\/segredo\/instrucoeszipadas33\/Grau 19.rar\"><strong>Grau 19<\/strong> &#8211; Grande Pont\u00edfice ou Sublime Escoc\u00eas<\/a><\/h5>\n<\/li>\n<\/ul>\n<\/dd>\n<\/dl>\n<\/dd>\n<\/dl>\n<dl>\n<dd>\n<dl>\n<dd>\n<ul>\n<li>\n<h5><a title=\"Grau 20 - Soberano Pr\u00edncipe da Ma\u00e7onaria - Instru\u00e7\u00e3o\" href=\"http:\/\/www.grausfilosoficosmg.org.br\/segredo\/instrucoeszipadas33\/Grau 20.rar\"><strong>Grau 20<\/strong> &#8211; Soberano Pr\u00edncipe da Ma\u00e7onaria<\/a><\/h5>\n<\/li>\n<\/ul>\n<\/dd>\n<\/dl>\n<\/dd>\n<\/dl>\n<dl>\n<dd>\n<dl>\n<dd>\n<ul>\n<li>\n<h5><a title=\"Grau 21 - Noaquita ou Cavaleiro Prussiano - Instru\u00e7\u00e3o\" href=\"http:\/\/www.grausfilosoficosmg.org.br\/segredo\/instrucoeszipadas33\/Grau 21.rar\"><strong>Grau 21<\/strong> &#8211; Noaquita ou Cavaleiro Prussiano<\/a><\/h5>\n<\/li>\n<\/ul>\n<\/dd>\n<\/dl>\n<\/dd>\n<\/dl>\n<dl>\n<dd>\n<dl>\n<dd>\n<ul>\n<li>\n<h5><a title=\"Grau 22 - Cavaleiro do Real Machado ou Pr\u00edncipe do L\u00edbano - Instru\u00e7\u00e3o\" href=\"http:\/\/www.grausfilosoficosmg.org.br\/segredo\/instrucoeszipadas33\/Grau 22.rar\"><strong>Grau 22<\/strong> &#8211; Cavaleiro do Real Machado ou Pr\u00edncipe do L\u00edbano<\/a><\/h5>\n<\/li>\n<\/ul>\n<\/dd>\n<\/dl>\n<\/dd>\n<\/dl>\n<dl>\n<dd>\n<dl>\n<dd>\n<ul>\n<li>\n<h5><a title=\"Grau 23 - Chefe do Tabern\u00e1culo - Instru\u00e7\u00e3o\" href=\"http:\/\/www.grausfilosoficosmg.org.br\/segredo\/instrucoeszipadas33\/Grau 23.rar\"><strong>Grau 23<\/strong> &#8211; Chefe do Tabern\u00e1culo<\/a><\/h5>\n<\/li>\n<\/ul>\n<\/dd>\n<\/dl>\n<\/dd>\n<\/dl>\n<dl>\n<dd>\n<dl>\n<dd>\n<ul>\n<li>\n<h5><a title=\"Grau 24 - Pr\u00edncipe do Tabern\u00e1culo - Instru\u00e7\u00e3o\" href=\"http:\/\/www.grausfilosoficosmg.org.br\/segredo\/instrucoeszipadas33\/Grau 24.rar\"><strong>Grau 24<\/strong> &#8211; Pr\u00edncipe do Tabern\u00e1culo<\/a><\/h5>\n<\/li>\n<\/ul>\n<\/dd>\n<\/dl>\n<\/dd>\n<\/dl>\n<dl>\n<dd>\n<dl>\n<dd>\n<ul>\n<li>\n<h5><a title=\"Grau 25 - Cavaleiro da Serpente de Bronze - Instru\u00e7\u00e3o\" href=\"http:\/\/www.grausfilosoficosmg.org.br\/segredo\/instrucoeszipadas33\/Grau 25.rar\"><strong>Grau 25<\/strong> &#8211; Cavaleiro da Serpente de Bronze<\/a><\/h5>\n<\/li>\n<\/ul>\n<\/dd>\n<\/dl>\n<\/dd>\n<\/dl>\n<dl>\n<dd>\n<dl>\n<dd>\n<ul>\n<li>\n<h5><a title=\"Grau 26 - Pr\u00edncipe de Merci ou Escoc\u00eas Trinit\u00e1rio - Instru\u00e7\u00e3o\" href=\"http:\/\/www.grausfilosoficosmg.org.br\/segredo\/instrucoeszipadas33\/Grau 26.rar\"><strong>Grau 26<\/strong> &#8211; Pr\u00edncipe de Merci ou Escoc\u00eas Trinit\u00e1rio<\/a><\/h5>\n<\/li>\n<\/ul>\n<\/dd>\n<\/dl>\n<\/dd>\n<\/dl>\n<dl>\n<dd>\n<dl>\n<dd>\n<ul>\n<li>\n<h5><a title=\"Grau 27 - Grande Comendador do Templo ou Soberano Comendador do Templo de Jerusal\u00e9m - Instru\u00e7\u00e3o\" href=\"http:\/\/www.grausfilosoficosmg.org.br\/segredo\/instrucoeszipadas33\/Grau 27.rar\"><strong>Grau 27<\/strong> &#8211; Grande Comendador do Templo ou Soberano Comendador do Templo de Jerusal\u00e9m<\/a><\/h5>\n<\/li>\n<\/ul>\n<\/dd>\n<\/dl>\n<\/dd>\n<\/dl>\n<dl>\n<dd>\n<dl>\n<dd>\n<ul>\n<li>\n<h5><a title=\"Grau 28 - Cavaleiro do Sol ou Pr\u00edncipe Adepto - Instru\u00e7\u00e3o\" href=\"http:\/\/www.grausfilosoficosmg.org.br\/segredo\/instrucoeszipadas33\/Grau 28.rar\"><strong>Grau 28<\/strong> &#8211; Cavaleiro do Sol ou Pr\u00edncipe Adepto\u00a0<\/a><\/h5>\n<\/li>\n<\/ul>\n<\/dd>\n<\/dl>\n<\/dd>\n<\/dl>\n<dl>\n<dd>\n<dl>\n<dd>\n<ul>\n<li>\n<h5><a title=\"Grau 29 - Grande Cavaleiro Escoc\u00eas de Santo Andr\u00e9 ou Patriarca dos Cruzados - Instru\u00e7\u00e3o\" href=\"http:\/\/www.grausfilosoficosmg.org.br\/segredo\/instrucoeszipadas33\/Grau 29.rar\"><strong>Grau 29<\/strong> &#8211; Grande Cavaleiro Escoc\u00eas de Santo Andr\u00e9 ou Patriarca dos Cruzados<\/a><\/h5>\n<\/li>\n<\/ul>\n<\/dd>\n<\/dl>\n<\/dd>\n<\/dl>\n<dl>\n<dd>\n<dl>\n<dd>\n<ul>\n<li>\n<h5><a title=\"Grau 30 - Grande Inquisidor\/Cavaleiro Kadosh ou Cavaleiro da \u00c1guia Branca e Negra - Instru\u00e7\u00e3o\" href=\"http:\/\/www.grausfilosoficosmg.org.br\/segredo\/instrucoeszipadas33\/Grau 30.rar\"><strong>Grau 30<\/strong> &#8211; Grande Inquisidor\/Cavaleiro Kadosh ou Cavaleiro da \u00c1guia Branca e Negra\u00a0<\/a><\/h5>\n<\/li>\n<\/ul>\n<\/dd>\n<\/dl>\n<\/dd>\n<\/dl>\n<dl>\n<dd>\n<dl>\n<dd><\/dd>\n<\/dl>\n<\/dd>\n<\/dl>\n","protected":false},"excerpt":{"rendered":"<p>Grau 04 &#8211; Mestre Secreto Grau 05 &#8211; Mestre Perfeito Grau 06 &#8211; Secret\u00e1rio \u00cdntimo Grau 07 &#8211; Preboste e Juiz Grau 08 &#8211; Intendente dos Edif\u00edcios Grau 09 &#8211; Cavaleiro Eleito dos Nove Grau 10 &#8211; Ilustre Eleito dos Quinze Grau 11 &#8211; Sublime Cavaleiro Eleito Grau 12 &#8211; Gr\u00e3o Mestre Arquiteto Grau 13 &#8211; Real Arco\u00a0 Grau 14 &#8211; Grande Eleito ou Perfeito e Sublime Ma\u00e7om Grau 15 &#8211; Cavaleiro do Oriente Grau 16 &#8211; Pr\u00edncipe de Jerusal\u00e9m Grau 17 &#8211; Cavaleiro do Oriente e do Ocidente Grau 18 &#8211; Cavaleiro Rosa-Cruz Grau 19 &#8211; Grande Pont\u00edfice ou Sublime Escoc\u00eas Grau 20 &#8211; Soberano Pr\u00edncipe da Ma\u00e7onaria Grau 21 &#8211; Noaquita ou Cavaleiro Prussiano Grau 22 &#8211; Cavaleiro do Real Machado ou Pr\u00edncipe do L\u00edbano Grau 23 &#8211; Chefe do Tabern\u00e1culo Grau 24 &#8211; Pr\u00edncipe do Tabern\u00e1culo Grau 25 &#8211; Cavaleiro da Serpente de Bronze Grau 26 &#8211; Pr\u00edncipe de Merci ou Escoc\u00eas Trinit\u00e1rio Grau 27 &#8211; Grande Comendador do Templo ou Soberano Comendador do Templo de Jerusal\u00e9m Grau 28 &#8211; Cavaleiro do Sol ou Pr\u00edncipe Adepto\u00a0 Grau 29 &#8211; Grande Cavaleiro Escoc\u00eas de Santo Andr\u00e9 ou Patriarca dos Cruzados Grau 30 &#8211; Grande Inquisidor\/Cavaleiro Kadosh ou Cavaleiro da \u00c1guia Branca e Negra\u00a0<\/p>\n","protected":false},"author":1,"featured_media":0,"parent":0,"menu_order":0,"comment_status":"closed","ping_status":"closed","template":"","meta":[],"_links":{"self":[{"href":"http:\/\/www.grausfilosoficosmg.org.br\/blog\/index.php?rest_route=\/wp\/v2\/pages\/199"}],"collection":[{"href":"http:\/\/www.grausfilosoficosmg.org.br\/blog\/index.php?rest_route=\/wp\/v2\/pages"}],"about":[{"href":"http:\/\/www.grausfilosoficosmg.org.br\/blog\/index.php?rest_route=\/wp\/v2\/types\/page"}],"author":[{"embeddable":true,"href":"http:\/\/www.grausfilosoficosmg.org.br\/blog\/index.php?rest_route=\/wp\/v2\/users\/1"}],"replies":[{"embeddable":true,"href":"http:\/\/www.grausfilosoficosmg.org.br\/blog\/index.php?rest_route=%2Fwp%2Fv2%2Fcomments&post=199"}],"version-history":[{"count":22,"href":"http:\/\/www.grausfilosoficosmg.org.br\/blog\/index.php?rest_route=\/wp\/v2\/pages\/199\/revisions"}],"predecessor-version":[{"id":407,"href":"http:\/\/www.grausfilosoficosmg.org.br\/blog\/index.php?rest_route=\/wp\/v2\/pages\/199\/revisions\/407"}],"wp:attachment":[{"href":"http:\/\/www.grausfilosoficosmg.org.br\/blog\/index.php?rest_route=%2Fwp%2Fv2%2Fmedia&parent=199"}],"curies":[{"name":"wp","href":"https:\/\/api.w.org\/{rel}","templated":true}]}}