{"id":39,"date":"2014-10-02T17:00:20","date_gmt":"2014-10-02T17:00:20","guid":{"rendered":"http:\/\/www.grausfilosoficosmg.org.br\/blog\/?page_id=39"},"modified":"2017-10-24T16:36:36","modified_gmt":"2017-10-24T16:36:36","slug":"delegacias","status":"publish","type":"page","link":"http:\/\/www.grausfilosoficosmg.org.br\/blog\/?page_id=39","title":{"rendered":"Delegacias"},"content":{"rendered":"<h2><strong>1\u00aa REGI\u00c3O LIT\u00daRGICA DE MINAS GERAIS<\/strong><\/h2>\n<p>&nbsp;<\/p>\n<h2><strong>DELEGACIAS<\/strong><\/h2>\n<p>&nbsp;<\/p>\n<h3><strong>1\u00aa\u00b7BELO HORIZONTE<\/strong><\/h3>\n<h3>(Delegado: Ir.\u00b4.\u00a0 \u00a0 \u00a0 \u00a0 \u00a0 \u00a0 , 33\u00ba)<br \/>\n\u00b7Micro-Regi\u00e3o de Belo Horizonte\u00b7 \u00b7Micro-Regi\u00e3o Sider\u00fargica<\/h3>\n<p>&nbsp;<\/p>\n<p>&nbsp;<\/p>\n<h3><strong>2\u00aa\u00b7CONSELHEIRO LAFAIETE<\/strong><\/h3>\n<h3>(Delegado:\u00a0Ir.\u00b4.\u00a0 \u00a0 \u00a0 \u00a0 \u00a0 \u00a0 , 33\u00ba)<br \/>\n\u00b7Micro-Regi\u00e3o Espinha\u00e7o Meridional<\/h3>\n<p>&nbsp;<\/p>\n<p>&nbsp;<\/p>\n<h3><strong>3\u00aa\u00b7SANTO ANT\u00d4NIO DO MONTE<\/strong><\/h3>\n<h3>(Delegado:\u00a0Ir.\u00b4.\u00a0 \u00a0 \u00a0 \u00a0 \u00a0 \u00a0 , 33\u00ba)<br \/>\n\u00b7Micro-Regi\u00e3o de Divin\u00f3polis<\/h3>\n<h3><\/h3>\n<p>&nbsp;<\/p>\n<h3><strong>4\u00aa\u00b7DORES DO INDAI\u00c1<\/strong><\/h3>\n<h3>\u00b7Micro-Regi\u00e3o do Alto S\u00e3o Francisco<\/h3>\n<p>&nbsp;<\/p>\n<p>&nbsp;<\/p>\n<h3><strong>5\u00aa\u00b7BACIA DO SUA\u00c7U\u00cd<\/strong><\/h3>\n<h3>\u00b7Micro-Regi\u00e3o Bacia do Sua\u00e7u\u00ed<\/h3>\n<p>&nbsp;<\/p>\n<p>&nbsp;<\/p>\n<h3><strong>6\u00aa\u00b7S\u00c3O SEBASTI\u00c3O DO PARA\u00cdSO<\/strong><\/h3>\n<h3>\u00b7Micro-Regi\u00e3o Mogiana Mineira<\/h3>\n<p>&nbsp;<\/p>\n<p>&nbsp;<\/p>\n<h3><strong>7\u00aa\u00b7PIUMH\u00cd<\/strong><\/h3>\n<h3>\u00b7Micro-Regi\u00e3o de Furnas ( parte )<\/h3>\n<p>&nbsp;<\/p>\n<p>&nbsp;<\/p>\n<h3><strong>8\u00aa\u00b7TR\u00caS PONTAS<\/strong><\/h3>\n<h3>\u00b7Micro-Regi\u00e3o de Furnas ( parte )<\/h3>\n<p>&nbsp;<\/p>\n<p>&nbsp;<\/p>\n<h3><strong>9\u00aa\u00b7ALFENAS<\/strong><\/h3>\n<h3>\u00b7Micro-Regi\u00e3o de Furnas ( parte )<\/h3>\n<p>&nbsp;<\/p>\n<p>&nbsp;<\/p>\n<h3><strong>DELEGADOS ESPECIAIS<\/strong><\/h3>\n<h3>\u00b7Florival Corsino de Abreu, 33\u00ba\u00b7<\/h3>\n<h3>\u00b7Francisco Raphael C\u00e2ndido, 33\u00ba\u00b7<\/h3>\n<h3>\u00b7Gerson Ferreira de Lima, 33\u00ba\u00b7<\/h3>\n<h3>\u00b7Jos\u00e9 Raimundo Barnab\u00e9, 33\u00ba\u00b7<\/h3>\n<h3>\u00b7Ren\u00ea Ferraz, 33\u00ba\u00b7<\/h3>\n<h3>\u00b7Z\u00f3simo Jos\u00e9 J\u00falio, 33\u00ba\u00b7<\/h3>\n<p>&nbsp;<\/p>\n<p>&nbsp;<\/p>\n","protected":false},"excerpt":{"rendered":"<p>1\u00aa REGI\u00c3O LIT\u00daRGICA DE MINAS GERAIS &nbsp; DELEGACIAS &nbsp; 1\u00aa\u00b7BELO HORIZONTE (Delegado: Ir.\u00b4.\u00a0 \u00a0 \u00a0 \u00a0 \u00a0 \u00a0 , 33\u00ba) \u00b7Micro-Regi\u00e3o de Belo Horizonte\u00b7 \u00b7Micro-Regi\u00e3o Sider\u00fargica &nbsp; &nbsp; 2\u00aa\u00b7CONSELHEIRO LAFAIETE (Delegado:\u00a0Ir.\u00b4.\u00a0 \u00a0 \u00a0 \u00a0 \u00a0 \u00a0 , 33\u00ba) \u00b7Micro-Regi\u00e3o Espinha\u00e7o Meridional &nbsp; &nbsp; 3\u00aa\u00b7SANTO ANT\u00d4NIO DO MONTE (Delegado:\u00a0Ir.\u00b4.\u00a0 \u00a0 \u00a0 \u00a0 \u00a0 \u00a0 , 33\u00ba) \u00b7Micro-Regi\u00e3o de Divin\u00f3polis &nbsp; 4\u00aa\u00b7DORES DO INDAI\u00c1 \u00b7Micro-Regi\u00e3o do Alto S\u00e3o Francisco &nbsp; &nbsp; 5\u00aa\u00b7BACIA DO SUA\u00c7U\u00cd \u00b7Micro-Regi\u00e3o Bacia do Sua\u00e7u\u00ed &nbsp; &nbsp; 6\u00aa\u00b7S\u00c3O SEBASTI\u00c3O DO PARA\u00cdSO \u00b7Micro-Regi\u00e3o Mogiana Mineira &nbsp; &nbsp; 7\u00aa\u00b7PIUMH\u00cd \u00b7Micro-Regi\u00e3o de Furnas ( parte ) &nbsp; &nbsp; 8\u00aa\u00b7TR\u00caS PONTAS \u00b7Micro-Regi\u00e3o de Furnas ( parte ) &nbsp; &nbsp; 9\u00aa\u00b7ALFENAS \u00b7Micro-Regi\u00e3o de Furnas ( parte ) &nbsp; &nbsp; DELEGADOS ESPECIAIS \u00b7Florival Corsino de Abreu, 33\u00ba\u00b7 \u00b7Francisco Raphael C\u00e2ndido, 33\u00ba\u00b7 \u00b7Gerson Ferreira de Lima, 33\u00ba\u00b7 \u00b7Jos\u00e9 Raimundo Barnab\u00e9, 33\u00ba\u00b7 \u00b7Ren\u00ea Ferraz, 33\u00ba\u00b7 \u00b7Z\u00f3simo Jos\u00e9 J\u00falio, 33\u00ba\u00b7 &nbsp; &nbsp;<\/p>\n","protected":false},"author":1,"featured_media":0,"parent":0,"menu_order":0,"comment_status":"open","ping_status":"open","template":"","meta":[],"_links":{"self":[{"href":"http:\/\/www.grausfilosoficosmg.org.br\/blog\/index.php?rest_route=\/wp\/v2\/pages\/39"}],"collection":[{"href":"http:\/\/www.grausfilosoficosmg.org.br\/blog\/index.php?rest_route=\/wp\/v2\/pages"}],"about":[{"href":"http:\/\/www.grausfilosoficosmg.org.br\/blog\/index.php?rest_route=\/wp\/v2\/types\/page"}],"author":[{"embeddable":true,"href":"http:\/\/www.grausfilosoficosmg.org.br\/blog\/index.php?rest_route=\/wp\/v2\/users\/1"}],"replies":[{"embeddable":true,"href":"http:\/\/www.grausfilosoficosmg.org.br\/blog\/index.php?rest_route=%2Fwp%2Fv2%2Fcomments&post=39"}],"version-history":[{"count":7,"href":"http:\/\/www.grausfilosoficosmg.org.br\/blog\/index.php?rest_route=\/wp\/v2\/pages\/39\/revisions"}],"predecessor-version":[{"id":419,"href":"http:\/\/www.grausfilosoficosmg.org.br\/blog\/index.php?rest_route=\/wp\/v2\/pages\/39\/revisions\/419"}],"wp:attachment":[{"href":"http:\/\/www.grausfilosoficosmg.org.br\/blog\/index.php?rest_route=%2Fwp%2Fv2%2Fmedia&parent=39"}],"curies":[{"name":"wp","href":"https:\/\/api.w.org\/{rel}","templated":true}]}}