{"id":4,"date":"2013-11-13T18:36:26","date_gmt":"2013-11-13T18:36:26","guid":{"rendered":"http:\/\/www.grausfilosoficosmg.org.br\/blog\/?page_id=4"},"modified":"2022-04-12T02:02:45","modified_gmt":"2022-04-12T02:02:45","slug":"calendario-2014","status":"publish","type":"page","link":"http:\/\/www.grausfilosoficosmg.org.br\/blog\/?page_id=4","title":{"rendered":"Calend\u00e1rios"},"content":{"rendered":"<h2><span style=\"text-decoration: underline; color: #800080;\"><strong>Reuni\u00f5es 2022<\/strong><\/span><\/h2>\n<h2><span style=\"color: #800080;\"><strong>Primeira Regi\u00e3o Lit\u00fargica MG:<\/strong>\u00a0Belo Horizonte.<\/span><\/h2>\n<h2><a href=\"http:\/\/www.grausfilosoficosmg.org.br\/calendario\/reunioes2022.pdf\"><span style=\"color: #800080;\"><b>Alterado: 16\/03\/2022.<\/b><\/span><\/a><\/h2>\n<h2><a href=\"http:\/\/www.grausfilosoficosmg.org.br\/calendario\/reunioes2022.pdf\"><span style=\"color: #800080;\">BAIXE AQUI O ARQUIVO:\u00a0<b>Primeira Regi\u00e3o Lit\u00fargica &#8211; Calend\u00e1rio 2022.<\/b><\/span><\/a><\/h2>\n<hr \/>\n<h2><a href=\"http:\/\/www.glmmg.org.br\/novo\/files\/secom\/reunioes2022.pdf\"><span style=\"color: #ff0000;\">Aten\u00e7\u00e3o: baixe o Calend\u00e1rio 2022 no endere\u00e7o alternativo: Clique aqui (06\/04\/22)<\/span><\/a><\/h2>\n","protected":false},"excerpt":{"rendered":"<p>Reuni\u00f5es 2022 Primeira Regi\u00e3o Lit\u00fargica MG:\u00a0Belo Horizonte. Alterado: 16\/03\/2022. BAIXE AQUI O ARQUIVO:\u00a0Primeira Regi\u00e3o Lit\u00fargica &#8211; Calend\u00e1rio 2022. Aten\u00e7\u00e3o: baixe o Calend\u00e1rio 2022 no endere\u00e7o alternativo: Clique aqui (06\/04\/22)<\/p>\n","protected":false},"author":1,"featured_media":0,"parent":0,"menu_order":0,"comment_status":"open","ping_status":"open","template":"","meta":[],"_links":{"self":[{"href":"http:\/\/www.grausfilosoficosmg.org.br\/blog\/index.php?rest_route=\/wp\/v2\/pages\/4"}],"collection":[{"href":"http:\/\/www.grausfilosoficosmg.org.br\/blog\/index.php?rest_route=\/wp\/v2\/pages"}],"about":[{"href":"http:\/\/www.grausfilosoficosmg.org.br\/blog\/index.php?rest_route=\/wp\/v2\/types\/page"}],"author":[{"embeddable":true,"href":"http:\/\/www.grausfilosoficosmg.org.br\/blog\/index.php?rest_route=\/wp\/v2\/users\/1"}],"replies":[{"embeddable":true,"href":"http:\/\/www.grausfilosoficosmg.org.br\/blog\/index.php?rest_route=%2Fwp%2Fv2%2Fcomments&post=4"}],"version-history":[{"count":61,"href":"http:\/\/www.grausfilosoficosmg.org.br\/blog\/index.php?rest_route=\/wp\/v2\/pages\/4\/revisions"}],"predecessor-version":[{"id":777,"href":"http:\/\/www.grausfilosoficosmg.org.br\/blog\/index.php?rest_route=\/wp\/v2\/pages\/4\/revisions\/777"}],"wp:attachment":[{"href":"http:\/\/www.grausfilosoficosmg.org.br\/blog\/index.php?rest_route=%2Fwp%2Fv2%2Fmedia&parent=4"}],"curies":[{"name":"wp","href":"https:\/\/api.w.org\/{rel}","templated":true}]}}