{"id":42,"date":"2014-10-02T17:12:01","date_gmt":"2014-10-02T17:12:01","guid":{"rendered":"http:\/\/www.grausfilosoficosmg.org.br\/blog\/?page_id=42"},"modified":"2017-10-24T16:24:38","modified_gmt":"2017-10-24T16:24:38","slug":"corpos-subordinados","status":"publish","type":"page","link":"http:\/\/www.grausfilosoficosmg.org.br\/blog\/?page_id=42","title":{"rendered":"Corpos Subordinados"},"content":{"rendered":"<h2><strong><span style=\"color: #000000;\">Corpos Filos\u00f3ficos Subordinados a Primeira Regi\u00e3o Lit\u00fargica de Minas Gerais<\/span><\/strong><\/h2>\n<p>&nbsp;<\/p>\n<p>&nbsp;<\/p>\n<h1><span style=\"text-decoration: underline;\"><strong><span style=\"color: #000000;\"><span style=\"color: #000000; text-decoration: underline;\">Loja de Perfei\u00e7\u00e3o Visconde de Jequitinhonha<\/span><\/span><\/strong><\/span><\/h1>\n<dl>\n<dd>\n<ul>\n<li>\n<h3><span style=\"color: #000000;\"><b>Presidente<\/b>: Ir.\u00b4.\u00a0 Marcelo Azalim<\/span><\/h3>\n<\/li>\n<\/ul>\n<\/dd>\n<\/dl>\n<dl>\n<dd>\n<dl>\n<dd>\n<ul>\n<li>\n<h2><span style=\"color: #000000;\"><b>E-mail<\/b>: <strong><span style=\"color: #ff0000;\">perfeicao@grausfilosoficosmg.org.br<\/span><\/strong><\/span><\/h2>\n<\/li>\n<\/ul>\n<\/dd>\n<\/dl>\n<\/dd>\n<\/dl>\n<p><span style=\"color: #000000;\">\u00a0<\/span><\/p>\n<p>&nbsp;<\/p>\n<h1><span style=\"text-decoration: underline;\"><strong><span style=\"color: #000000;\"><span style=\"color: #000000; text-decoration: underline;\">Cap\u00edtulo Rosa Cruz Reis Corr\u00eaa<\/span><\/span><\/strong><\/span><\/h1>\n<dl>\n<dd>\n<ul>\n<li>\n<h3><span style=\"color: #000000;\"><b>Presidente<\/b>: Ir.\u00b4. Jo\u00e3o Conciano Gonzaga<br \/>\n<\/span><\/h3>\n<\/li>\n<\/ul>\n<\/dd>\n<\/dl>\n<dl>\n<dd>\n<dl>\n<dd>\n<ul>\n<li>\n<h2><span style=\"color: #000000;\"><b>E-mail<\/b>: <strong><span style=\"color: #ff0000;\">capitulo@grausfilosoficosmg.org.br<\/span><\/strong><\/span><\/h2>\n<\/li>\n<\/ul>\n<\/dd>\n<\/dl>\n<\/dd>\n<\/dl>\n<p><span style=\"color: #000000;\">\u00a0<\/span><\/p>\n<p>&nbsp;<\/p>\n<h1><span style=\"text-decoration: underline;\"><strong><span style=\"color: #000000;\"><span style=\"color: #000000; text-decoration: underline;\">Conselho dos Cavalheiros Kadosch Jacques DeMolay<\/span><\/span><\/strong><\/span><\/h1>\n<dl>\n<dd>\n<ul>\n<li>\n<h3><span style=\"color: #000000;\"><b>Presidente<\/b>: Ir.\u00b4. F\u00e1bio Luiz Sim\u00f5es Gomes<br \/>\n<\/span><\/h3>\n<\/li>\n<\/ul>\n<\/dd>\n<\/dl>\n<dl>\n<dd>\n<dl>\n<dd>\n<ul>\n<li>\n<h2><span style=\"color: #000000;\"><b>E-mail<\/b>: <strong><span style=\"color: #ff0000;\">kadosch@grausfilosoficosmg.org.br<\/span><\/strong><\/span><\/h2>\n<\/li>\n<\/ul>\n<\/dd>\n<\/dl>\n<\/dd>\n<\/dl>\n<p><span style=\"color: #000000;\">\u00a0<\/span><\/p>\n<p>&nbsp;<\/p>\n<h1><span style=\"text-decoration: underline;\"><strong><span style=\"color: #000000;\"><span style=\"color: #000000; text-decoration: underline;\">Consist\u00f3rio do Principe do Real Seg<\/span><span style=\"color: #000000; text-decoration: underline;\">r<\/span><span style=\"color: #000000; text-decoration: underline;\">edo Gon\u00e7alves Ledo<\/span><\/span><\/strong><\/span><\/h1>\n<dl>\n<dd>\n<ul>\n<li>\n<h3><span style=\"color: #000000;\"><b>Presidente<\/b>: Ir.\u00b4. Afonso Barros Machado<\/span><\/h3>\n<\/li>\n<\/ul>\n<\/dd>\n<\/dl>\n<dl>\n<dd>\n<dl>\n<dd>\n<ul>\n<li>\n<h2><span style=\"color: #000000;\"><b>E-mail<\/b>: <strong><span style=\"color: #ff0000;\">consistorio@grausfilosoficosmg.org.br<\/span><\/strong><\/span><\/h2>\n<\/li>\n<\/ul>\n<p>&nbsp;<\/p>\n<p>&nbsp;<\/p>\n<p>&nbsp;<\/p>\n<p>&nbsp;<\/p>\n<p>&nbsp;<\/dd>\n<\/dl>\n<\/dd>\n<\/dl>\n","protected":false},"excerpt":{"rendered":"<p>Corpos Filos\u00f3ficos Subordinados a Primeira Regi\u00e3o Lit\u00fargica de Minas Gerais &nbsp; &nbsp; Loja de Perfei\u00e7\u00e3o Visconde de Jequitinhonha Presidente: Ir.\u00b4.\u00a0 Marcelo Azalim E-mail: perfeicao@grausfilosoficosmg.org.br \u00a0 &nbsp; Cap\u00edtulo Rosa Cruz Reis Corr\u00eaa Presidente: Ir.\u00b4. Jo\u00e3o Conciano Gonzaga E-mail: capitulo@grausfilosoficosmg.org.br \u00a0 &nbsp; Conselho dos Cavalheiros Kadosch Jacques DeMolay Presidente: Ir.\u00b4. F\u00e1bio Luiz Sim\u00f5es Gomes E-mail: kadosch@grausfilosoficosmg.org.br \u00a0 &nbsp; Consist\u00f3rio do Principe do Real Segredo Gon\u00e7alves Ledo Presidente: Ir.\u00b4. Afonso Barros Machado E-mail: consistorio@grausfilosoficosmg.org.br &nbsp; &nbsp; &nbsp; &nbsp; &nbsp;<\/p>\n","protected":false},"author":1,"featured_media":0,"parent":0,"menu_order":0,"comment_status":"open","ping_status":"open","template":"","meta":[],"_links":{"self":[{"href":"http:\/\/www.grausfilosoficosmg.org.br\/blog\/index.php?rest_route=\/wp\/v2\/pages\/42"}],"collection":[{"href":"http:\/\/www.grausfilosoficosmg.org.br\/blog\/index.php?rest_route=\/wp\/v2\/pages"}],"about":[{"href":"http:\/\/www.grausfilosoficosmg.org.br\/blog\/index.php?rest_route=\/wp\/v2\/types\/page"}],"author":[{"embeddable":true,"href":"http:\/\/www.grausfilosoficosmg.org.br\/blog\/index.php?rest_route=\/wp\/v2\/users\/1"}],"replies":[{"embeddable":true,"href":"http:\/\/www.grausfilosoficosmg.org.br\/blog\/index.php?rest_route=%2Fwp%2Fv2%2Fcomments&post=42"}],"version-history":[{"count":21,"href":"http:\/\/www.grausfilosoficosmg.org.br\/blog\/index.php?rest_route=\/wp\/v2\/pages\/42\/revisions"}],"predecessor-version":[{"id":417,"href":"http:\/\/www.grausfilosoficosmg.org.br\/blog\/index.php?rest_route=\/wp\/v2\/pages\/42\/revisions\/417"}],"wp:attachment":[{"href":"http:\/\/www.grausfilosoficosmg.org.br\/blog\/index.php?rest_route=%2Fwp%2Fv2%2Fmedia&parent=42"}],"curies":[{"name":"wp","href":"https:\/\/api.w.org\/{rel}","templated":true}]}}