{"id":46,"date":"2014-10-02T17:37:09","date_gmt":"2014-10-02T17:37:09","guid":{"rendered":"http:\/\/www.grausfilosoficosmg.org.br\/blog\/?page_id=46"},"modified":"2014-10-08T17:34:18","modified_gmt":"2014-10-08T17:34:18","slug":"tesouraria","status":"publish","type":"page","link":"http:\/\/www.grausfilosoficosmg.org.br\/blog\/?page_id=46","title":{"rendered":"Tesouraria"},"content":{"rendered":"<h1 id=\"firstHeading\">Tabela de Taxas e Emolumentos<\/h1>\n<p>&nbsp;<\/p>\n<h2><strong>2014<\/strong><\/h2>\n<dl>\n<dd>\n<ul>\n<li>\n<h2><a title=\"http:\/\/www.grausfilosoficosmg.org.br\/wiki\/2013\/taxas_2014A1.pdf\" href=\"http:\/\/www.grausfilosoficosmg.org.br\/wiki\/2013\/taxas_2014A1.pdf\" rel=\"nofollow\">Tabela Emolumentos 2014<\/a><\/h2>\n<\/li>\n<\/ul>\n<p>&nbsp;<\/p>\n<\/dd>\n<\/dl>\n<h2><strong>2011<\/strong><\/h2>\n<dl>\n<dd>\n<ul>\n<li>\n<h2><a title=\"http:\/\/www.grausfilosoficosmg.org.br\/wiki\/index.php?title=Tabela_de_Taxas_e_Emolumentos_-_2011\" href=\"http:\/\/www.grausfilosoficosmg.org.br\/wiki\/index.php?title=Tabela_de_Taxas_e_Emolumentos_-_2011\" rel=\"nofollow\">Tabela Emolumentos 2011<\/a><\/h2>\n<\/li>\n<\/ul>\n<\/dd>\n<\/dl>\n<p>&nbsp;<\/p>\n<p>&#8212;&#8212;&#8212;&#8212;&#8212;&#8212;&#8212;&#8212;&#8212;&#8212;&#8212;&#8212;&#8212;&#8212;&#8212;<\/p>\n<p>&nbsp;<\/p>\n<h1><strong>Dados da Conta da Primeira\u00a0Regi\u00e3o Lit\u00fargica de Minas Gerais:<\/strong><\/h1>\n<p>&nbsp;<\/p>\n<h2><strong>Banco:<\/strong> <b>Caixa Econ\u00f4mica Federal<\/b><\/h2>\n<h2><\/h2>\n<h2><strong>Ag\u00eancia:<\/strong> <b>2426<\/b><\/h2>\n<h2><\/h2>\n<h2><strong>Opera\u00e7\u00e3o:<\/strong> <b>003<\/b><\/h2>\n<h2><\/h2>\n<h2><strong>Conta Corrente:<\/strong> <b>216-6<\/b><\/h2>\n<h2><\/h2>\n<h2><strong>CNPJ:<\/strong> <b>05.391.303\/0001-04<\/b><\/h2>\n<p>&nbsp;<\/p>\n","protected":false},"excerpt":{"rendered":"<p>Tabela de Taxas e Emolumentos &nbsp; 2014 Tabela Emolumentos 2014 &nbsp; 2011 Tabela Emolumentos 2011 &nbsp; &#8212;&#8212;&#8212;&#8212;&#8212;&#8212;&#8212;&#8212;&#8212;&#8212;&#8212;&#8212;&#8212;&#8212;&#8212; &nbsp; Dados da Conta da Primeira\u00a0Regi\u00e3o Lit\u00fargica de Minas Gerais: &nbsp; Banco: Caixa Econ\u00f4mica Federal Ag\u00eancia: 2426 Opera\u00e7\u00e3o: 003 Conta Corrente: 216-6 CNPJ: 05.391.303\/0001-04 &nbsp;<\/p>\n","protected":false},"author":1,"featured_media":0,"parent":0,"menu_order":0,"comment_status":"open","ping_status":"open","template":"","meta":[],"_links":{"self":[{"href":"http:\/\/www.grausfilosoficosmg.org.br\/blog\/index.php?rest_route=\/wp\/v2\/pages\/46"}],"collection":[{"href":"http:\/\/www.grausfilosoficosmg.org.br\/blog\/index.php?rest_route=\/wp\/v2\/pages"}],"about":[{"href":"http:\/\/www.grausfilosoficosmg.org.br\/blog\/index.php?rest_route=\/wp\/v2\/types\/page"}],"author":[{"embeddable":true,"href":"http:\/\/www.grausfilosoficosmg.org.br\/blog\/index.php?rest_route=\/wp\/v2\/users\/1"}],"replies":[{"embeddable":true,"href":"http:\/\/www.grausfilosoficosmg.org.br\/blog\/index.php?rest_route=%2Fwp%2Fv2%2Fcomments&post=46"}],"version-history":[{"count":10,"href":"http:\/\/www.grausfilosoficosmg.org.br\/blog\/index.php?rest_route=\/wp\/v2\/pages\/46\/revisions"}],"predecessor-version":[{"id":108,"href":"http:\/\/www.grausfilosoficosmg.org.br\/blog\/index.php?rest_route=\/wp\/v2\/pages\/46\/revisions\/108"}],"wp:attachment":[{"href":"http:\/\/www.grausfilosoficosmg.org.br\/blog\/index.php?rest_route=%2Fwp%2Fv2%2Fmedia&parent=46"}],"curies":[{"name":"wp","href":"https:\/\/api.w.org\/{rel}","templated":true}]}}