{"id":48,"date":"2014-10-02T17:38:46","date_gmt":"2014-10-02T17:38:46","guid":{"rendered":"http:\/\/www.grausfilosoficosmg.org.br\/blog\/?page_id=48"},"modified":"2016-11-08T19:51:36","modified_gmt":"2016-11-08T19:51:36","slug":"iniciacao","status":"publish","type":"page","link":"http:\/\/www.grausfilosoficosmg.org.br\/blog\/?page_id=48","title":{"rendered":"Inicia\u00e7\u00e3o"},"content":{"rendered":"<h2 id=\"firstHeading\">Arquivos para Inicia\u00e7\u00e3o ao Grau 4<\/h2>\n<p>&nbsp;<\/p>\n<h2><strong>DIN\u00c2MICA DOS TRABALHOS<\/strong><\/h2>\n<h3><b>LOJA DE PERFEI\u00c7\u00c3O VISCONDE DE JEQUITINHONHA<\/b><\/h3>\n<h3>(Em conson\u00e2ncia com o <b>Estatuto do Supremo Conselho do Gr.: 33 da Ma\u00e7.: para a Rep.: Fed.: do Brasil<\/b>).<\/h3>\n<p>&nbsp;<\/p>\n<h2><strong>1) PROCEDIMENTOS:<\/strong><\/h2>\n<p>&nbsp;<\/p>\n<dl>\n<dd>\n<ul>\n<li>\n<h2>O pedido de Inicia\u00e7\u00e3o ao <b>4\u00ba Grau<\/b> dever\u00e1 ser instru\u00eddo mediante:<\/h2>\n<\/li>\n<\/ul>\n<\/dd>\n<\/dl>\n<p>&nbsp;<\/p>\n<h3 style=\"text-align: left;\">A) <b>Carta de Apresenta\u00e7\u00e3o do M.:M.:<\/b>, pelo Vener\u00e1vel de sua Loja Simb\u00f3lica, atestando sua regularidade, freq\u00fc\u00eancia e n\u00edvel com a tesouraria da mesma;<\/h3>\n<h3>B) 03 (tr\u00eas)fotos 3X4 atuais;<\/h3>\n<h3>C) Participa\u00e7\u00e3o <b>OBRIGAT\u00d3RIA da REUNI\u00c3O PRELIMINAR<\/b> e preenchimento <b>ANTECIPADO<\/b> do formul\u00e1rio <b>RS<\/b>;<\/h3>\n<h3>D) Ter cumprido o interst\u00edcio regulamentar ou ter sido dispensado dele por provis\u00e3o especial dos <b>Soberano Grande Comendador Geral e Inspetor Lit\u00fargico<\/b>;<\/h3>\n<h3>E) <b>Pagamento da taxa de Inicia\u00e7\u00e3o<\/b>;<\/h3>\n<h3 style=\"text-align: left;\">F) Comparecer no local de Inicia\u00e7\u00e3o com 40 minutos de anteced\u00eancia para ser trolhado nos Graus de Ap.: (1\u00ba), Com.: (2\u00ba) e M.:M.: (3\u00ba) em seus [SS.: TT.: PP.: e MMar.:].<\/h3>\n<h2><\/h2>\n<p>&nbsp;<\/p>\n<h2><strong>2) BAIXE OS ARQUIVOS:<\/strong><\/h2>\n<h3><a title=\"http:\/\/www.grausfilosoficosmg.org.br\/segredo\/arquivos2008\/modelodepedidoparagrau4.zip\" href=\"http:\/\/www.grausfilosoficosmg.org.br\/segredo\/arquivos2008\/modelodepedidoparagrau4.zip\" rel=\"nofollow\"><b>1) MODELO DE PEDIDO PARA O GRAU 4<\/b><\/a><\/h3>\n<h3><b>2)<\/b><b> MODELO FORMUL\u00c1RIO RS &#8211; (Para Iniciar no Grau 4 \u00e9 necess\u00e1rio preencher o formul\u00e1rio RS, devido altera\u00e7\u00f5es do Supremo Conselho, entre em Contato com a Inspetoria Lit\u00fargica para obter\u00a0o mesmo.)<\/b><\/h3>\n","protected":false},"excerpt":{"rendered":"<p>Arquivos para Inicia\u00e7\u00e3o ao Grau 4 &nbsp; DIN\u00c2MICA DOS TRABALHOS LOJA DE PERFEI\u00c7\u00c3O VISCONDE DE JEQUITINHONHA (Em conson\u00e2ncia com o Estatuto do Supremo Conselho do Gr.: 33 da Ma\u00e7.: para a Rep.: Fed.: do Brasil). &nbsp; 1) PROCEDIMENTOS: &nbsp; O pedido de Inicia\u00e7\u00e3o ao 4\u00ba Grau dever\u00e1 ser instru\u00eddo mediante: &nbsp; A) Carta de Apresenta\u00e7\u00e3o do M.:M.:, pelo Vener\u00e1vel de sua Loja Simb\u00f3lica, atestando sua regularidade, freq\u00fc\u00eancia e n\u00edvel com a tesouraria da mesma; B) 03 (tr\u00eas)fotos 3X4 atuais; C) Participa\u00e7\u00e3o OBRIGAT\u00d3RIA da REUNI\u00c3O PRELIMINAR e preenchimento ANTECIPADO do formul\u00e1rio RS; D) Ter cumprido o interst\u00edcio regulamentar ou ter sido dispensado dele por provis\u00e3o especial dos Soberano Grande Comendador Geral e Inspetor Lit\u00fargico; E) Pagamento da taxa de Inicia\u00e7\u00e3o; F) Comparecer no local de Inicia\u00e7\u00e3o com 40 minutos de anteced\u00eancia para ser trolhado nos Graus de Ap.: (1\u00ba), Com.: (2\u00ba) e M.:M.: (3\u00ba) em seus [SS.: TT.: PP.: e MMar.:]. &nbsp; 2) BAIXE OS ARQUIVOS: 1) MODELO DE PEDIDO PARA O GRAU 4 2) MODELO FORMUL\u00c1RIO RS &#8211; (Para Iniciar no Grau 4 \u00e9 necess\u00e1rio preencher o formul\u00e1rio RS, devido altera\u00e7\u00f5es do Supremo Conselho, entre em Contato com a Inspetoria Lit\u00fargica para obter\u00a0o mesmo.)<\/p>\n","protected":false},"author":1,"featured_media":0,"parent":0,"menu_order":0,"comment_status":"open","ping_status":"open","template":"","meta":[],"_links":{"self":[{"href":"http:\/\/www.grausfilosoficosmg.org.br\/blog\/index.php?rest_route=\/wp\/v2\/pages\/48"}],"collection":[{"href":"http:\/\/www.grausfilosoficosmg.org.br\/blog\/index.php?rest_route=\/wp\/v2\/pages"}],"about":[{"href":"http:\/\/www.grausfilosoficosmg.org.br\/blog\/index.php?rest_route=\/wp\/v2\/types\/page"}],"author":[{"embeddable":true,"href":"http:\/\/www.grausfilosoficosmg.org.br\/blog\/index.php?rest_route=\/wp\/v2\/users\/1"}],"replies":[{"embeddable":true,"href":"http:\/\/www.grausfilosoficosmg.org.br\/blog\/index.php?rest_route=%2Fwp%2Fv2%2Fcomments&post=48"}],"version-history":[{"count":13,"href":"http:\/\/www.grausfilosoficosmg.org.br\/blog\/index.php?rest_route=\/wp\/v2\/pages\/48\/revisions"}],"predecessor-version":[{"id":389,"href":"http:\/\/www.grausfilosoficosmg.org.br\/blog\/index.php?rest_route=\/wp\/v2\/pages\/48\/revisions\/389"}],"wp:attachment":[{"href":"http:\/\/www.grausfilosoficosmg.org.br\/blog\/index.php?rest_route=%2Fwp%2Fv2%2Fmedia&parent=48"}],"curies":[{"name":"wp","href":"https:\/\/api.w.org\/{rel}","templated":true}]}}